{"id":8,"date":"2026-04-27T21:30:34","date_gmt":"2026-04-27T21:30:34","guid":{"rendered":"https:\/\/plus.turbyte.net\/index.php\/sepet\/"},"modified":"2026-04-27T22:12:26","modified_gmt":"2026-04-27T22:12:26","slug":"sepet","status":"publish","type":"page","link":"https:\/\/plus.turbyte.net\/index.php\/sepet\/","title":{"rendered":"Sepet"},"content":{"rendered":"\n<div data-block-name=\"woocommerce\/cart\" class=\"wp-block-woocommerce-cart alignwide is-loading\">\n<div data-block-name=\"woocommerce\/filled-cart-block\" class=\"wp-block-woocommerce-filled-cart-block\">\n<div data-block-name=\"woocommerce\/cart-items-block\" class=\"wp-block-woocommerce-cart-items-block\">\n<div data-block-name=\"woocommerce\/cart-line-items-block\" class=\"wp-block-woocommerce-cart-line-items-block\"><\/div>\n\n\n<\/div>\n\n\n\n\n<div data-block-name=\"woocommerce\/cart-totals-block\" class=\"wp-block-woocommerce-cart-totals-block\">\n<div data-block-name=\"woocommerce\/cart-order-summary-block\" class=\"wp-block-woocommerce-cart-order-summary-block\">\n<div data-block-name=\"woocommerce\/cart-order-summary-heading-block\" class=\"wp-block-woocommerce-cart-order-summary-heading-block\"><\/div><div data-block-name=\"woocommerce\/cart-order-summary-coupon-form-block\" class=\"wp-block-woocommerce-cart-order-summary-coupon-form-block\"><\/div><div data-block-name=\"woocommerce\/cart-order-summary-totals-block\" class=\"wp-block-woocommerce-cart-order-summary-totals-block\">\n<div data-block-name=\"woocommerce\/cart-order-summary-subtotal-block\" class=\"wp-block-woocommerce-cart-order-summary-subtotal-block\"><\/div>\n<div data-block-name=\"woocommerce\/cart-order-summary-discount-block\" class=\"wp-block-woocommerce-cart-order-summary-discount-block\"><\/div>\n<div data-block-name=\"woocommerce\/cart-order-summary-fee-block\" class=\"wp-block-woocommerce-cart-order-summary-fee-block\"><\/div>\n<div data-block-name=\"woocommerce\/cart-order-summary-shipping-block\" class=\"wp-block-woocommerce-cart-order-summary-shipping-block\"><\/div>\n<div data-block-name=\"woocommerce\/cart-order-summary-taxes-block\" class=\"wp-block-woocommerce-cart-order-summary-taxes-block\"><\/div><\/div>\n<\/div>\n\n\n\n<div data-block-name=\"woocommerce\/cart-express-payment-block\" class=\"wp-block-woocommerce-cart-express-payment-block\"><\/div>\n\n\n\n<div data-block-name=\"woocommerce\/proceed-to-checkout-block\" class=\"wp-block-woocommerce-proceed-to-checkout-block\"><\/div>\n\n\n\n<div data-block-name=\"woocommerce\/cart-accepted-payment-methods-block\" class=\"wp-block-woocommerce-cart-accepted-payment-methods-block\"><\/div>\n<\/div>\n<\/div>\n\n\n\n<div data-block-name=\"woocommerce\/empty-cart-block\" class=\"wp-block-woocommerce-empty-cart-block\">\n<h2 class=\"wp-block-heading has-text-align-center with-empty-cart-icon wc-block-cart__empty-cart__title\">Sepetiniz \u015fu anda bo\u015f!<\/h2>\n\n\n\n<hr class=\"wp-block-separator has-alpha-channel-opacity is-style-dots\"\/>\n\n\n\n<h2 class=\"wp-block-heading has-text-align-center\">Ma\u011fazada yeni<\/h2>\n\n\n<div data-block-name=\"woocommerce\/product-new\" data-columns=\"4\" data-rows=\"1\" class=\"wc-block-grid wp-block-product-new wp-block-woocommerce-product-new wc-block-product-new has-4-columns\"><ul class=\"wc-block-grid__products\"><li class=\"wc-block-grid__product\">\n\t\t\t\t<a href=\"https:\/\/plus.turbyte.net\/index.php\/urun\/plus-pla-filament-beyaz-siyah-2kg\/\" class=\"wc-block-grid__product-link\">\n\t\t\t\t\t<div class=\"wc-block-grid__product-onsale\">\n\t\t\t<span aria-hidden=\"true\">\u0130ndirim<\/span>\n\t\t\t<span class=\"screen-reader-text\">\u0130ndirimdeki \u00fcr\u00fcn<\/span>\n\t\t<\/div>\n\t\t\t\t\t<div class=\"wc-block-grid__product-image\"><img loading=\"lazy\" decoding=\"async\" width=\"300\" height=\"300\" src=\"https:\/\/plus.turbyte.net\/wp-content\/uploads\/2026\/04\/optipoly-set-6-web-300x300.webp\" class=\"attachment-woocommerce_thumbnail size-woocommerce_thumbnail\" alt=\"Plus PLA Filament Beyaz &amp; Siyah 2Kg\" srcset=\"https:\/\/plus.turbyte.net\/wp-content\/uploads\/2026\/04\/optipoly-set-6-web-300x300.webp 300w, https:\/\/plus.turbyte.net\/wp-content\/uploads\/2026\/04\/optipoly-set-6-web-1024x1024.webp 1024w, https:\/\/plus.turbyte.net\/wp-content\/uploads\/2026\/04\/optipoly-set-6-web-150x150.webp 150w, https:\/\/plus.turbyte.net\/wp-content\/uploads\/2026\/04\/optipoly-set-6-web-768x768.webp 768w, https:\/\/plus.turbyte.net\/wp-content\/uploads\/2026\/04\/optipoly-set-6-web-600x600.webp 600w, https:\/\/plus.turbyte.net\/wp-content\/uploads\/2026\/04\/optipoly-set-6-web-100x100.webp 100w, https:\/\/plus.turbyte.net\/wp-content\/uploads\/2026\/04\/optipoly-set-6-web.webp 1080w\" sizes=\"auto, (max-width: 300px) 100vw, 300px\" \/><\/div>\n\t\t\t\t\t<div class=\"wc-block-grid__product-title\">Plus PLA Filament Beyaz &amp; Siyah 2Kg<\/div>\n\t\t\t\t<\/a>\n\t\t\t\t<div class=\"wc-block-grid__product-price price\"><del aria-hidden=\"true\"><span class=\"woocommerce-Price-amount amount\"><span class=\"woocommerce-Price-currencySymbol\">&#8378;<\/span>650,00<\/span><\/del> <span class=\"screen-reader-text\">Orijinal fiyat: &#8378;650,00.<\/span><ins aria-hidden=\"true\"><span class=\"woocommerce-Price-amount amount\"><span class=\"woocommerce-Price-currencySymbol\">&#8378;<\/span>450,00<\/span><\/ins><span class=\"screen-reader-text\">\u015eu andaki fiyat: &#8378;450,00.<\/span><\/div>\n\t\t\t\t\n\t\t\t\t<div class=\"wp-block-button wc-block-grid__product-add-to-cart\"><a href=\"\/index.php\/wp-json\/wp\/v2\/pages\/8?add-to-cart=51\" aria-label=\"Sepete ekle: \u201cPlus PLA Filament Beyaz &amp; Siyah 2Kg\u201d\" data-quantity=\"1\" data-product_id=\"51\" data-product_sku=\"\" data-price=\"450\" rel=\"nofollow\" class=\"wp-block-button__link  add_to_cart_button ajax_add_to_cart\">Sepete Ekle<\/a><\/div>\n\t\t\t<\/li><li class=\"wc-block-grid__product\">\n\t\t\t\t<a href=\"https:\/\/plus.turbyte.net\/index.php\/urun\/plus-pla-filament-beyaz\/\" class=\"wc-block-grid__product-link\">\n\t\t\t\t\t<div class=\"wc-block-grid__product-onsale\">\n\t\t\t<span aria-hidden=\"true\">\u0130ndirim<\/span>\n\t\t\t<span class=\"screen-reader-text\">\u0130ndirimdeki \u00fcr\u00fcn<\/span>\n\t\t<\/div>\n\t\t\t\t\t<div class=\"wc-block-grid__product-image\"><img loading=\"lazy\" decoding=\"async\" width=\"300\" height=\"300\" src=\"https:\/\/plus.turbyte.net\/wp-content\/uploads\/2026\/04\/porima-silk-pla-filament-kirmizi-175mm-1kg-p01-300x300.webp\" class=\"attachment-woocommerce_thumbnail size-woocommerce_thumbnail\" alt=\"Plus PLA+ Filament Beyaz\" srcset=\"https:\/\/plus.turbyte.net\/wp-content\/uploads\/2026\/04\/porima-silk-pla-filament-kirmizi-175mm-1kg-p01-300x300.webp 300w, https:\/\/plus.turbyte.net\/wp-content\/uploads\/2026\/04\/porima-silk-pla-filament-kirmizi-175mm-1kg-p01-100x100.webp 100w, https:\/\/plus.turbyte.net\/wp-content\/uploads\/2026\/04\/porima-silk-pla-filament-kirmizi-175mm-1kg-p01-600x600.webp 600w, https:\/\/plus.turbyte.net\/wp-content\/uploads\/2026\/04\/porima-silk-pla-filament-kirmizi-175mm-1kg-p01-1024x1024.webp 1024w, https:\/\/plus.turbyte.net\/wp-content\/uploads\/2026\/04\/porima-silk-pla-filament-kirmizi-175mm-1kg-p01-150x150.webp 150w, https:\/\/plus.turbyte.net\/wp-content\/uploads\/2026\/04\/porima-silk-pla-filament-kirmizi-175mm-1kg-p01-768x768.webp 768w, https:\/\/plus.turbyte.net\/wp-content\/uploads\/2026\/04\/porima-silk-pla-filament-kirmizi-175mm-1kg-p01.webp 1200w\" sizes=\"auto, (max-width: 300px) 100vw, 300px\" \/><\/div>\n\t\t\t\t\t<div class=\"wc-block-grid__product-title\">Plus PLA+ Filament Beyaz<\/div>\n\t\t\t\t<\/a>\n\t\t\t\t<div class=\"wc-block-grid__product-price price\"><del aria-hidden=\"true\"><span class=\"woocommerce-Price-amount amount\"><span class=\"woocommerce-Price-currencySymbol\">&#8378;<\/span>650,00<\/span><\/del> <span class=\"screen-reader-text\">Orijinal fiyat: &#8378;650,00.<\/span><ins aria-hidden=\"true\"><span class=\"woocommerce-Price-amount amount\"><span class=\"woocommerce-Price-currencySymbol\">&#8378;<\/span>450,00<\/span><\/ins><span class=\"screen-reader-text\">\u015eu andaki fiyat: &#8378;450,00.<\/span><\/div>\n\t\t\t\t\n\t\t\t\t<div class=\"wp-block-button wc-block-grid__product-add-to-cart\"><a href=\"\/index.php\/wp-json\/wp\/v2\/pages\/8?add-to-cart=24\" aria-label=\"Sepete ekle: \u201cPlus PLA+ Filament Beyaz\u201d\" data-quantity=\"1\" data-product_id=\"24\" data-product_sku=\"\" data-price=\"450\" rel=\"nofollow\" class=\"wp-block-button__link  add_to_cart_button ajax_add_to_cart\">Sepete Ekle<\/a><\/div>\n\t\t\t<\/li><li class=\"wc-block-grid__product\">\n\t\t\t\t<a href=\"https:\/\/plus.turbyte.net\/index.php\/urun\/plus-pla-filament-siyah\/\" class=\"wc-block-grid__product-link\">\n\t\t\t\t\t<div class=\"wc-block-grid__product-onsale\">\n\t\t\t<span aria-hidden=\"true\">\u0130ndirim<\/span>\n\t\t\t<span class=\"screen-reader-text\">\u0130ndirimdeki \u00fcr\u00fcn<\/span>\n\t\t<\/div>\n\t\t\t\t\t<div class=\"wc-block-grid__product-image\"><img loading=\"lazy\" decoding=\"async\" width=\"300\" height=\"300\" src=\"https:\/\/plus.turbyte.net\/wp-content\/uploads\/2026\/04\/porima-silk-pla-filament-kirmizi-175mm-1kg-p01-300x300.webp\" class=\"attachment-woocommerce_thumbnail size-woocommerce_thumbnail\" alt=\"Plus PLA+ Filament Siyah\" srcset=\"https:\/\/plus.turbyte.net\/wp-content\/uploads\/2026\/04\/porima-silk-pla-filament-kirmizi-175mm-1kg-p01-300x300.webp 300w, https:\/\/plus.turbyte.net\/wp-content\/uploads\/2026\/04\/porima-silk-pla-filament-kirmizi-175mm-1kg-p01-100x100.webp 100w, https:\/\/plus.turbyte.net\/wp-content\/uploads\/2026\/04\/porima-silk-pla-filament-kirmizi-175mm-1kg-p01-600x600.webp 600w, https:\/\/plus.turbyte.net\/wp-content\/uploads\/2026\/04\/porima-silk-pla-filament-kirmizi-175mm-1kg-p01-1024x1024.webp 1024w, https:\/\/plus.turbyte.net\/wp-content\/uploads\/2026\/04\/porima-silk-pla-filament-kirmizi-175mm-1kg-p01-150x150.webp 150w, https:\/\/plus.turbyte.net\/wp-content\/uploads\/2026\/04\/porima-silk-pla-filament-kirmizi-175mm-1kg-p01-768x768.webp 768w, https:\/\/plus.turbyte.net\/wp-content\/uploads\/2026\/04\/porima-silk-pla-filament-kirmizi-175mm-1kg-p01.webp 1200w\" sizes=\"auto, (max-width: 300px) 100vw, 300px\" \/><\/div>\n\t\t\t\t\t<div class=\"wc-block-grid__product-title\">Plus PLA+ Filament Siyah<\/div>\n\t\t\t\t<\/a>\n\t\t\t\t<div class=\"wc-block-grid__product-price price\"><del aria-hidden=\"true\"><span class=\"woocommerce-Price-amount amount\"><span class=\"woocommerce-Price-currencySymbol\">&#8378;<\/span>650,00<\/span><\/del> <span class=\"screen-reader-text\">Orijinal fiyat: &#8378;650,00.<\/span><ins aria-hidden=\"true\"><span class=\"woocommerce-Price-amount amount\"><span class=\"woocommerce-Price-currencySymbol\">&#8378;<\/span>450,00<\/span><\/ins><span class=\"screen-reader-text\">\u015eu andaki fiyat: &#8378;450,00.<\/span><\/div>\n\t\t\t\t\n\t\t\t\t<div class=\"wp-block-button wc-block-grid__product-add-to-cart\"><a href=\"\/index.php\/wp-json\/wp\/v2\/pages\/8?add-to-cart=22\" aria-label=\"Sepete ekle: \u201cPlus PLA+ Filament Siyah\u201d\" data-quantity=\"1\" data-product_id=\"22\" data-product_sku=\"\" data-price=\"450\" rel=\"nofollow\" class=\"wp-block-button__link  add_to_cart_button ajax_add_to_cart\">Sepete Ekle<\/a><\/div>\n\t\t\t<\/li><li class=\"wc-block-grid__product\">\n\t\t\t\t<a href=\"https:\/\/plus.turbyte.net\/index.php\/urun\/plus-pla-filament-kirmizi\/\" class=\"wc-block-grid__product-link\">\n\t\t\t\t\t<div class=\"wc-block-grid__product-onsale\">\n\t\t\t<span aria-hidden=\"true\">\u0130ndirim<\/span>\n\t\t\t<span class=\"screen-reader-text\">\u0130ndirimdeki \u00fcr\u00fcn<\/span>\n\t\t<\/div>\n\t\t\t\t\t<div class=\"wc-block-grid__product-image\"><img loading=\"lazy\" decoding=\"async\" width=\"300\" height=\"300\" src=\"https:\/\/plus.turbyte.net\/wp-content\/uploads\/2026\/04\/porima-silk-pla-filament-kirmizi-175mm-1kg-p01-300x300.webp\" class=\"attachment-woocommerce_thumbnail size-woocommerce_thumbnail\" alt=\"Plus PLA+ Filament K\u0131rm\u0131z\u0131\" srcset=\"https:\/\/plus.turbyte.net\/wp-content\/uploads\/2026\/04\/porima-silk-pla-filament-kirmizi-175mm-1kg-p01-300x300.webp 300w, https:\/\/plus.turbyte.net\/wp-content\/uploads\/2026\/04\/porima-silk-pla-filament-kirmizi-175mm-1kg-p01-100x100.webp 100w, https:\/\/plus.turbyte.net\/wp-content\/uploads\/2026\/04\/porima-silk-pla-filament-kirmizi-175mm-1kg-p01-600x600.webp 600w, https:\/\/plus.turbyte.net\/wp-content\/uploads\/2026\/04\/porima-silk-pla-filament-kirmizi-175mm-1kg-p01-1024x1024.webp 1024w, https:\/\/plus.turbyte.net\/wp-content\/uploads\/2026\/04\/porima-silk-pla-filament-kirmizi-175mm-1kg-p01-150x150.webp 150w, https:\/\/plus.turbyte.net\/wp-content\/uploads\/2026\/04\/porima-silk-pla-filament-kirmizi-175mm-1kg-p01-768x768.webp 768w, https:\/\/plus.turbyte.net\/wp-content\/uploads\/2026\/04\/porima-silk-pla-filament-kirmizi-175mm-1kg-p01.webp 1200w\" sizes=\"auto, (max-width: 300px) 100vw, 300px\" \/><\/div>\n\t\t\t\t\t<div class=\"wc-block-grid__product-title\">Plus PLA+ Filament K\u0131rm\u0131z\u0131<\/div>\n\t\t\t\t<\/a>\n\t\t\t\t<div class=\"wc-block-grid__product-price price\"><del aria-hidden=\"true\"><span class=\"woocommerce-Price-amount amount\"><span class=\"woocommerce-Price-currencySymbol\">&#8378;<\/span>650,00<\/span><\/del> <span class=\"screen-reader-text\">Orijinal fiyat: &#8378;650,00.<\/span><ins aria-hidden=\"true\"><span class=\"woocommerce-Price-amount amount\"><span class=\"woocommerce-Price-currencySymbol\">&#8378;<\/span>450,00<\/span><\/ins><span class=\"screen-reader-text\">\u015eu andaki fiyat: &#8378;450,00.<\/span><\/div>\n\t\t\t\t\n\t\t\t\t<div class=\"wp-block-button wc-block-grid__product-add-to-cart\"><a href=\"\/index.php\/wp-json\/wp\/v2\/pages\/8?add-to-cart=17\" aria-label=\"Sepete ekle: \u201cPlus PLA+ Filament K\u0131rm\u0131z\u0131\u201d\" data-quantity=\"1\" data-product_id=\"17\" data-product_sku=\"\" data-price=\"450\" rel=\"nofollow\" class=\"wp-block-button__link  add_to_cart_button ajax_add_to_cart\">Sepete Ekle<\/a><\/div>\n\t\t\t<\/li><\/ul><\/div><\/div>\n<\/div>\n","protected":false},"excerpt":{"rendered":"","protected":false},"author":1,"featured_media":0,"parent":0,"menu_order":0,"comment_status":"closed","ping_status":"closed","template":"","meta":{"footnotes":""},"class_list":["post-8","page","type-page","status-publish","hentry"],"_links":{"self":[{"href":"https:\/\/plus.turbyte.net\/index.php\/wp-json\/wp\/v2\/pages\/8","targetHints":{"allow":["GET"]}}],"collection":[{"href":"https:\/\/plus.turbyte.net\/index.php\/wp-json\/wp\/v2\/pages"}],"about":[{"href":"https:\/\/plus.turbyte.net\/index.php\/wp-json\/wp\/v2\/types\/page"}],"author":[{"embeddable":true,"href":"https:\/\/plus.turbyte.net\/index.php\/wp-json\/wp\/v2\/users\/1"}],"replies":[{"embeddable":true,"href":"https:\/\/plus.turbyte.net\/index.php\/wp-json\/wp\/v2\/comments?post=8"}],"version-history":[{"count":1,"href":"https:\/\/plus.turbyte.net\/index.php\/wp-json\/wp\/v2\/pages\/8\/revisions"}],"predecessor-version":[{"id":13,"href":"https:\/\/plus.turbyte.net\/index.php\/wp-json\/wp\/v2\/pages\/8\/revisions\/13"}],"wp:attachment":[{"href":"https:\/\/plus.turbyte.net\/index.php\/wp-json\/wp\/v2\/media?parent=8"}],"curies":[{"name":"wp","href":"https:\/\/api.w.org\/{rel}","templated":true}]}}