{"id":17,"date":"2026-04-27T21:33:53","date_gmt":"2026-04-27T21:33:53","guid":{"rendered":"https:\/\/plus.turbyte.net\/?post_type=product&#038;p=17"},"modified":"2026-04-27T22:34:36","modified_gmt":"2026-04-27T22:34:36","slug":"plus-pla-filament-kirmizi","status":"publish","type":"product","link":"https:\/\/plus.turbyte.net\/index.php\/urun\/plus-pla-filament-kirmizi\/","title":{"rendered":"Plus PLA+ Filament K\u0131rm\u0131z\u0131"},"content":{"rendered":"<p>deneme<\/p>\n<p>d<\/p>\n<p>d<\/p>\n<p>d<\/p>\n","protected":false},"excerpt":{"rendered":"<p>deneme d d d<\/p>\n","protected":false},"featured_media":18,"comment_status":"open","ping_status":"closed","template":"","meta":[],"product_brand":[],"product_cat":[17],"product_tag":[],"class_list":{"0":"post-17","1":"product","2":"type-product","3":"status-publish","4":"has-post-thumbnail","6":"product_cat-filament","8":"first","9":"instock","10":"sale","11":"shipping-taxable","12":"purchasable","13":"product-type-simple"},"_links":{"self":[{"href":"https:\/\/plus.turbyte.net\/index.php\/wp-json\/wp\/v2\/product\/17","targetHints":{"allow":["GET"]}}],"collection":[{"href":"https:\/\/plus.turbyte.net\/index.php\/wp-json\/wp\/v2\/product"}],"about":[{"href":"https:\/\/plus.turbyte.net\/index.php\/wp-json\/wp\/v2\/types\/product"}],"replies":[{"embeddable":true,"href":"https:\/\/plus.turbyte.net\/index.php\/wp-json\/wp\/v2\/comments?post=17"}],"wp:featuredmedia":[{"embeddable":true,"href":"https:\/\/plus.turbyte.net\/index.php\/wp-json\/wp\/v2\/media\/18"}],"wp:attachment":[{"href":"https:\/\/plus.turbyte.net\/index.php\/wp-json\/wp\/v2\/media?parent=17"}],"wp:term":[{"taxonomy":"product_brand","embeddable":true,"href":"https:\/\/plus.turbyte.net\/index.php\/wp-json\/wp\/v2\/product_brand?post=17"},{"taxonomy":"product_cat","embeddable":true,"href":"https:\/\/plus.turbyte.net\/index.php\/wp-json\/wp\/v2\/product_cat?post=17"},{"taxonomy":"product_tag","embeddable":true,"href":"https:\/\/plus.turbyte.net\/index.php\/wp-json\/wp\/v2\/product_tag?post=17"}],"curies":[{"name":"wp","href":"https:\/\/api.w.org\/{rel}","templated":true}]}}